{"id":2682,"date":"2024-09-26T15:29:25","date_gmt":"2024-09-26T18:29:25","guid":{"rendered":"https:\/\/activabaires.tur.ar\/?page_id=2682"},"modified":"2024-09-26T20:54:42","modified_gmt":"2024-09-26T23:54:42","slug":"blog-2","status":"publish","type":"page","link":"https:\/\/activabaires.tur.ar\/pt\/blog-2\/","title":{"rendered":"Blogue."},"content":{"rendered":"<div data-elementor-type=\"wp-page\" data-elementor-id=\"2682\" class=\"elementor elementor-2682\" data-elementor-post-type=\"page\">\n\t\t\t\t\t\t<section class=\"elementor-section elementor-top-section elementor-element elementor-element-3bb51891 elementor-section-full_width elementor-section-height-default elementor-section-height-default\" data-id=\"3bb51891\" data-element_type=\"section\" data-settings=\"{&quot;background_background&quot;:&quot;classic&quot;}\">\n\t\t\t\t\t\t<div class=\"elementor-container elementor-column-gap-default\">\n\t\t\t\t\t<div class=\"elementor-column elementor-col-100 elementor-top-column elementor-element elementor-element-75c1d1ea\" data-id=\"75c1d1ea\" data-element_type=\"column\">\n\t\t\t<div class=\"elementor-widget-wrap elementor-element-populated\">\n\t\t\t\t\t\t<section class=\"elementor-section elementor-inner-section elementor-element elementor-element-141cef2b elementor-reverse-mobile elementor-section-boxed elementor-section-height-default elementor-section-height-default\" data-id=\"141cef2b\" data-element_type=\"section\">\n\t\t\t\t\t\t<div class=\"elementor-container elementor-column-gap-no\">\n\t\t\t\t\t<div class=\"elementor-column elementor-col-100 elementor-inner-column elementor-element elementor-element-193547b2\" data-id=\"193547b2\" data-element_type=\"column\">\n\t\t\t<div class=\"elementor-widget-wrap elementor-element-populated\">\n\t\t\t\t\t\t<div class=\"elementor-element elementor-element-3060e242 animated-slow elementor-invisible elementor-widget elementor-widget-heading\" data-id=\"3060e242\" data-element_type=\"widget\" data-settings=\"{&quot;_animation&quot;:&quot;fadeIn&quot;,&quot;_animation_delay&quot;:400}\" data-widget_type=\"heading.default\">\n\t\t\t\t<div class=\"elementor-widget-container\">\n\t\t\t\t\t<h2 class=\"elementor-heading-title elementor-size-default\">blog<\/h2>\t\t\t\t<\/div>\n\t\t\t\t<\/div>\n\t\t\t\t\t<\/div>\n\t\t<\/div>\n\t\t\t\t\t<\/div>\n\t\t<\/section>\n\t\t\t\t\t<\/div>\n\t\t<\/div>\n\t\t\t\t\t<\/div>\n\t\t<\/section>\n\t\t\t\t<section class=\"elementor-section elementor-top-section elementor-element elementor-element-194bce07 elementor-section-boxed elementor-section-height-default elementor-section-height-default\" data-id=\"194bce07\" data-element_type=\"section\" data-settings=\"{&quot;background_background&quot;:&quot;classic&quot;}\">\n\t\t\t\t\t\t\t<div class=\"elementor-background-overlay\"><\/div>\n\t\t\t\t\t\t\t<div class=\"elementor-container elementor-column-gap-no\">\n\t\t\t\t\t<div class=\"elementor-column elementor-col-100 elementor-top-column elementor-element elementor-element-1b9bd39d\" data-id=\"1b9bd39d\" data-element_type=\"column\">\n\t\t\t<div class=\"elementor-widget-wrap elementor-element-populated\">\n\t\t\t\t\t\t<div class=\"elementor-element elementor-element-3a5225a elementor-grid-eael-col-2 elementor-widget__width-initial elementor-grid-tablet-eael-col-2 elementor-grid-mobile-eael-col-1 elementor-widget elementor-widget-eael-post-grid\" data-id=\"3a5225a\" data-element_type=\"widget\" data-settings=\"{&quot;eael_post_grid_columns&quot;:&quot;eael-col-2&quot;,&quot;eael_post_grid_columns_tablet&quot;:&quot;eael-col-2&quot;,&quot;eael_post_grid_columns_mobile&quot;:&quot;eael-col-1&quot;}\" data-widget_type=\"eael-post-grid.default\">\n\t\t\t\t<div class=\"elementor-widget-container\">\n\t\t\t\t\t<div id=\"eael-post-grid-3a5225a\" class=\"eael-post-grid-container\">\n            <div class=\"eael-post-grid eael-post-appender eael-post-appender-3a5225a eael-post-grid-style-one\" data-layout-mode=\"grid\"><article class=\"eael-grid-post eael-post-grid-column\" data-id=\"3272\">\n        <div class=\"eael-grid-post-holder\">\n            <div class=\"eael-grid-post-holder-inner\"><div class=\"eael-entry-media\"><div class=\"eael-entry-overlay fade-in\"><i class=\"fas fa-long-arrow-alt-right\" aria-hidden=\"true\"><\/i><a href=\"https:\/\/activabaires.tur.ar\/pt\/a-historia-do-cafe-tortoni-o-cafe-mais-iconico-de-buenos-aires\/\"rel=\"nofollow\"><\/a><\/div><div class=\"eael-entry-thumbnail\">\n                <img fetchpriority=\"high\" decoding=\"async\" width=\"968\" height=\"504\" src=\"https:\/\/activabaires.tur.ar\/wp-content\/uploads\/2025\/04\/cafe-tortoni-churros.jpg\" class=\"attachment-full size-full wp-image-3275\" alt=\"\" srcset=\"https:\/\/activabaires.tur.ar\/wp-content\/uploads\/2025\/04\/cafe-tortoni-churros.jpg 968w, https:\/\/activabaires.tur.ar\/wp-content\/uploads\/2025\/04\/cafe-tortoni-churros-300x156.jpg 300w, https:\/\/activabaires.tur.ar\/wp-content\/uploads\/2025\/04\/cafe-tortoni-churros-768x400.jpg 768w, https:\/\/activabaires.tur.ar\/wp-content\/uploads\/2025\/04\/cafe-tortoni-churros-18x9.jpg 18w\" sizes=\"(max-width: 968px) 100vw, 968px\" \/>\n            <\/div>\n        <\/div><div class=\"eael-entry-wrapper\"><header class=\"eael-entry-header\"><h3 class=\"eael-entry-title\"><a class=\"eael-grid-post-link\" href=\"https:\/\/activabaires.tur.ar\/pt\/a-historia-do-cafe-tortoni-o-cafe-mais-iconico-de-buenos-aires\/\" title=\"A Hist\u00f3ria do Caf\u00e9 Tortoni: O Caf\u00e9 Mais Ic\u00f4nico de Buenos Aires\"rel=\"nofollow\">A Hist\u00f3ria do Caf\u00e9 Tortoni: O Caf\u00e9 Mais Ic\u00f4nico de Buenos Aires<\/a><\/h3><\/header><div class=\"eael-entry-content\">\n                        <div class=\"eael-grid-post-excerpt\"><p>Se existe um lugar que representa a tradi\u00e7\u00e3o e a...<\/p><a href=\"https:\/\/activabaires.tur.ar\/pt\/a-historia-do-cafe-tortoni-o-cafe-mais-iconico-de-buenos-aires\/\" class=\"eael-post-elements-readmore-btn\">Leia mais<\/a><\/div>\n                    <\/div><div class=\"eael-entry-footer\"><div class=\"eael-author-avatar\"><a href=\"https:\/\/activabaires.tur.ar\/pt\/author\/activabaires03\/\"><img alt='activabaires03' src='https:\/\/secure.gravatar.com\/avatar\/d12117a3fd1fb2f0767ff3c9eb9062216b0039bc1a83b29dab0ecc1300fc6dfb?s=96&#038;d=mm&#038;r=g' srcset='https:\/\/secure.gravatar.com\/avatar\/d12117a3fd1fb2f0767ff3c9eb9062216b0039bc1a83b29dab0ecc1300fc6dfb?s=192&#038;d=mm&#038;r=g 2x' class='avatar avatar-96 photo' height='96' width='96' \/><\/a><\/div><div class=\"eael-entry-meta\"><span class=\"eael-posted-by\"><a href=\"https:\/\/activabaires.tur.ar\/pt\/author\/activabaires03\/\" title=\"Posts de activabaires03\" rel=\"author\">activabaires03<\/a><\/span><span class=\"eael-posted-on\"><time datetime=\"abril 24, 2025\">abril 24, 2025<\/time><\/span><\/div><\/div><\/div><\/div>\n        <\/div>\n    <\/article><article class=\"eael-grid-post eael-post-grid-column\" data-id=\"3271\">\n        <div class=\"eael-grid-post-holder\">\n            <div class=\"eael-grid-post-holder-inner\"><div class=\"eael-entry-media\"><div class=\"eael-entry-overlay fade-in\"><i class=\"fas fa-long-arrow-alt-right\" aria-hidden=\"true\"><\/i><a href=\"https:\/\/activabaires.tur.ar\/pt\/dicas-para-economizar-em-buenos-aires\/\"rel=\"nofollow\"><\/a><\/div><div class=\"eael-entry-thumbnail\">\n                <img decoding=\"async\" width=\"968\" height=\"504\" src=\"https:\/\/activabaires.tur.ar\/wp-content\/uploads\/2025\/04\/poupar.jpg\" class=\"attachment-full size-full wp-image-3273\" alt=\"\" srcset=\"https:\/\/activabaires.tur.ar\/wp-content\/uploads\/2025\/04\/poupar.jpg 968w, https:\/\/activabaires.tur.ar\/wp-content\/uploads\/2025\/04\/poupar-300x156.jpg 300w, https:\/\/activabaires.tur.ar\/wp-content\/uploads\/2025\/04\/poupar-768x400.jpg 768w, https:\/\/activabaires.tur.ar\/wp-content\/uploads\/2025\/04\/poupar-18x9.jpg 18w\" sizes=\"(max-width: 968px) 100vw, 968px\" \/>\n            <\/div>\n        <\/div><div class=\"eael-entry-wrapper\"><header class=\"eael-entry-header\"><h3 class=\"eael-entry-title\"><a class=\"eael-grid-post-link\" href=\"https:\/\/activabaires.tur.ar\/pt\/dicas-para-economizar-em-buenos-aires\/\" title=\"Dicas para Economizar em Buenos Aires\"rel=\"nofollow\">Dicas para Economizar em Buenos Aires<\/a><\/h3><\/header><div class=\"eael-entry-content\">\n                        <div class=\"eael-grid-post-excerpt\"><p>Buenos Aires \u00e9 um destino apaixonante, mas com o c\u00e2mbio...<\/p><a href=\"https:\/\/activabaires.tur.ar\/pt\/dicas-para-economizar-em-buenos-aires\/\" class=\"eael-post-elements-readmore-btn\">Leia mais<\/a><\/div>\n                    <\/div><div class=\"eael-entry-footer\"><div class=\"eael-author-avatar\"><a href=\"https:\/\/activabaires.tur.ar\/pt\/author\/activabaires03\/\"><img alt='activabaires03' src='https:\/\/secure.gravatar.com\/avatar\/d12117a3fd1fb2f0767ff3c9eb9062216b0039bc1a83b29dab0ecc1300fc6dfb?s=96&#038;d=mm&#038;r=g' srcset='https:\/\/secure.gravatar.com\/avatar\/d12117a3fd1fb2f0767ff3c9eb9062216b0039bc1a83b29dab0ecc1300fc6dfb?s=192&#038;d=mm&#038;r=g 2x' class='avatar avatar-96 photo' height='96' width='96' \/><\/a><\/div><div class=\"eael-entry-meta\"><span class=\"eael-posted-by\"><a href=\"https:\/\/activabaires.tur.ar\/pt\/author\/activabaires03\/\" title=\"Posts de activabaires03\" rel=\"author\">activabaires03<\/a><\/span><span class=\"eael-posted-on\"><time datetime=\"abril 24, 2025\">abril 24, 2025<\/time><\/span><\/div><\/div><\/div><\/div>\n        <\/div>\n    <\/article><article class=\"eael-grid-post eael-post-grid-column\" data-id=\"3263\">\n        <div class=\"eael-grid-post-holder\">\n            <div class=\"eael-grid-post-holder-inner\"><div class=\"eael-entry-media\"><div class=\"eael-entry-overlay fade-in\"><i class=\"fas fa-long-arrow-alt-right\" aria-hidden=\"true\"><\/i><a href=\"https:\/\/activabaires.tur.ar\/pt\/dicas-de-seguranca-para-turistas-em-buenos-aires\/\"rel=\"nofollow\"><\/a><\/div><div class=\"eael-entry-thumbnail\">\n                <img decoding=\"async\" width=\"800\" height=\"600\" src=\"https:\/\/activabaires.tur.ar\/wp-content\/uploads\/2025\/04\/feira-san-telmo-buenos-aires-maio.jpg\" class=\"attachment-full size-full wp-image-3268\" alt=\"\" srcset=\"https:\/\/activabaires.tur.ar\/wp-content\/uploads\/2025\/04\/feira-san-telmo-buenos-aires-maio.jpg 800w, https:\/\/activabaires.tur.ar\/wp-content\/uploads\/2025\/04\/feira-san-telmo-buenos-aires-maio-300x225.jpg 300w, https:\/\/activabaires.tur.ar\/wp-content\/uploads\/2025\/04\/feira-san-telmo-buenos-aires-maio-768x576.jpg 768w, https:\/\/activabaires.tur.ar\/wp-content\/uploads\/2025\/04\/feira-san-telmo-buenos-aires-maio-16x12.jpg 16w\" sizes=\"(max-width: 800px) 100vw, 800px\" \/>\n            <\/div>\n        <\/div><div class=\"eael-entry-wrapper\"><header class=\"eael-entry-header\"><h3 class=\"eael-entry-title\"><a class=\"eael-grid-post-link\" href=\"https:\/\/activabaires.tur.ar\/pt\/dicas-de-seguranca-para-turistas-em-buenos-aires\/\" title=\"Dicas de Seguran\u00e7a para Turistas em Buenos Aires\"rel=\"nofollow\">Dicas de Seguran\u00e7a para Turistas em Buenos Aires<\/a><\/h3><\/header><div class=\"eael-entry-content\">\n                        <div class=\"eael-grid-post-excerpt\"><p>Buenos Aires \u00e9 uma cidade vibrante e cheia de atra\u00e7\u00f5es...<\/p><a href=\"https:\/\/activabaires.tur.ar\/pt\/dicas-de-seguranca-para-turistas-em-buenos-aires\/\" class=\"eael-post-elements-readmore-btn\">Leia mais<\/a><\/div>\n                    <\/div><div class=\"eael-entry-footer\"><div class=\"eael-author-avatar\"><a href=\"https:\/\/activabaires.tur.ar\/pt\/author\/activabaires03\/\"><img alt='activabaires03' src='https:\/\/secure.gravatar.com\/avatar\/d12117a3fd1fb2f0767ff3c9eb9062216b0039bc1a83b29dab0ecc1300fc6dfb?s=96&#038;d=mm&#038;r=g' srcset='https:\/\/secure.gravatar.com\/avatar\/d12117a3fd1fb2f0767ff3c9eb9062216b0039bc1a83b29dab0ecc1300fc6dfb?s=192&#038;d=mm&#038;r=g 2x' class='avatar avatar-96 photo' height='96' width='96' \/><\/a><\/div><div class=\"eael-entry-meta\"><span class=\"eael-posted-by\"><a href=\"https:\/\/activabaires.tur.ar\/pt\/author\/activabaires03\/\" title=\"Posts de activabaires03\" rel=\"author\">activabaires03<\/a><\/span><span class=\"eael-posted-on\"><time datetime=\"abril 15, 2025\">abril 15, 2025<\/time><\/span><\/div><\/div><\/div><\/div>\n        <\/div>\n    <\/article><article class=\"eael-grid-post eael-post-grid-column\" data-id=\"3264\">\n        <div class=\"eael-grid-post-holder\">\n            <div class=\"eael-grid-post-holder-inner\"><div class=\"eael-entry-media\"><div class=\"eael-entry-overlay fade-in\"><i class=\"fas fa-long-arrow-alt-right\" aria-hidden=\"true\"><\/i><a href=\"https:\/\/activabaires.tur.ar\/pt\/lugares-para-ver-o-por-do-sol-em-buenos-aires\/\"rel=\"nofollow\"><\/a><\/div><div class=\"eael-entry-thumbnail\">\n                <img loading=\"lazy\" decoding=\"async\" width=\"1060\" height=\"690\" src=\"https:\/\/activabaires.tur.ar\/wp-content\/uploads\/2025\/04\/os-melhores-pontos-para-ver-o-nascer-e-o-por-sol-em-buenos-aires-dani-noce-destaque.jpg\" class=\"attachment-full size-full wp-image-3266\" alt=\"\" srcset=\"https:\/\/activabaires.tur.ar\/wp-content\/uploads\/2025\/04\/os-melhores-pontos-para-ver-o-nascer-e-o-por-sol-em-buenos-aires-dani-noce-destaque.jpg 1060w, https:\/\/activabaires.tur.ar\/wp-content\/uploads\/2025\/04\/os-melhores-pontos-para-ver-o-nascer-e-o-por-sol-em-buenos-aires-dani-noce-destaque-300x195.jpg 300w, https:\/\/activabaires.tur.ar\/wp-content\/uploads\/2025\/04\/os-melhores-pontos-para-ver-o-nascer-e-o-por-sol-em-buenos-aires-dani-noce-destaque-1024x667.jpg 1024w, https:\/\/activabaires.tur.ar\/wp-content\/uploads\/2025\/04\/os-melhores-pontos-para-ver-o-nascer-e-o-por-sol-em-buenos-aires-dani-noce-destaque-768x500.jpg 768w, https:\/\/activabaires.tur.ar\/wp-content\/uploads\/2025\/04\/os-melhores-pontos-para-ver-o-nascer-e-o-por-sol-em-buenos-aires-dani-noce-destaque-18x12.jpg 18w\" sizes=\"(max-width: 1060px) 100vw, 1060px\" \/>\n            <\/div>\n        <\/div><div class=\"eael-entry-wrapper\"><header class=\"eael-entry-header\"><h3 class=\"eael-entry-title\"><a class=\"eael-grid-post-link\" href=\"https:\/\/activabaires.tur.ar\/pt\/lugares-para-ver-o-por-do-sol-em-buenos-aires\/\" title=\"Lugares para Ver o P\u00f4r do Sol em Buenos Aires\"rel=\"nofollow\">Lugares para Ver o P\u00f4r do Sol em Buenos Aires<\/a><\/h3><\/header><div class=\"eael-entry-content\">\n                        <div class=\"eael-grid-post-excerpt\"><p>Buenos Aires \u00e9 uma cidade cheia de charme a qualquer...<\/p><a href=\"https:\/\/activabaires.tur.ar\/pt\/lugares-para-ver-o-por-do-sol-em-buenos-aires\/\" class=\"eael-post-elements-readmore-btn\">Leia mais<\/a><\/div>\n                    <\/div><div class=\"eael-entry-footer\"><div class=\"eael-author-avatar\"><a href=\"https:\/\/activabaires.tur.ar\/pt\/author\/activabaires03\/\"><img alt='activabaires03' src='https:\/\/secure.gravatar.com\/avatar\/d12117a3fd1fb2f0767ff3c9eb9062216b0039bc1a83b29dab0ecc1300fc6dfb?s=96&#038;d=mm&#038;r=g' srcset='https:\/\/secure.gravatar.com\/avatar\/d12117a3fd1fb2f0767ff3c9eb9062216b0039bc1a83b29dab0ecc1300fc6dfb?s=192&#038;d=mm&#038;r=g 2x' class='avatar avatar-96 photo' height='96' width='96' \/><\/a><\/div><div class=\"eael-entry-meta\"><span class=\"eael-posted-by\"><a href=\"https:\/\/activabaires.tur.ar\/pt\/author\/activabaires03\/\" title=\"Posts de activabaires03\" rel=\"author\">activabaires03<\/a><\/span><span class=\"eael-posted-on\"><time datetime=\"abril 15, 2025\">abril 15, 2025<\/time><\/span><\/div><\/div><\/div><\/div>\n        <\/div>\n    <\/article><article class=\"eael-grid-post eael-post-grid-column\" data-id=\"3260\">\n        <div class=\"eael-grid-post-holder\">\n            <div class=\"eael-grid-post-holder-inner\"><div class=\"eael-entry-media\"><div class=\"eael-entry-overlay fade-in\"><i class=\"fas fa-long-arrow-alt-right\" aria-hidden=\"true\"><\/i><a href=\"https:\/\/activabaires.tur.ar\/pt\/explore-a-casa-rosada-historia-e-cultura-copyo-que-fazer-em-buenos-aires-no-invernoexplore-a-casa-rosada-historia-e-cultura-copy\/\"rel=\"nofollow\"><\/a><\/div><div class=\"eael-entry-thumbnail\">\n                <img loading=\"lazy\" decoding=\"async\" width=\"730\" height=\"449\" src=\"https:\/\/activabaires.tur.ar\/wp-content\/uploads\/2025\/04\/buenos-aires-clima-inverno-730x449-1.jpg\" class=\"attachment-full size-full wp-image-3261\" alt=\"\" srcset=\"https:\/\/activabaires.tur.ar\/wp-content\/uploads\/2025\/04\/buenos-aires-clima-inverno-730x449-1.jpg 730w, https:\/\/activabaires.tur.ar\/wp-content\/uploads\/2025\/04\/buenos-aires-clima-inverno-730x449-1-300x185.jpg 300w, https:\/\/activabaires.tur.ar\/wp-content\/uploads\/2025\/04\/buenos-aires-clima-inverno-730x449-1-18x12.jpg 18w\" sizes=\"(max-width: 730px) 100vw, 730px\" \/>\n            <\/div>\n        <\/div><div class=\"eael-entry-wrapper\"><header class=\"eael-entry-header\"><h3 class=\"eael-entry-title\"><a class=\"eael-grid-post-link\" href=\"https:\/\/activabaires.tur.ar\/pt\/explore-a-casa-rosada-historia-e-cultura-copyo-que-fazer-em-buenos-aires-no-invernoexplore-a-casa-rosada-historia-e-cultura-copy\/\" title=\"O Que Fazer em Buenos Aires no Inverno\"rel=\"nofollow\">O Que Fazer em Buenos Aires no Inverno<\/a><\/h3><\/header><div class=\"eael-entry-content\">\n                        <div class=\"eael-grid-post-excerpt\"><p>Quando o inverno chega, Buenos Aires se transforma em um...<\/p><a href=\"https:\/\/activabaires.tur.ar\/pt\/explore-a-casa-rosada-historia-e-cultura-copyo-que-fazer-em-buenos-aires-no-invernoexplore-a-casa-rosada-historia-e-cultura-copy\/\" class=\"eael-post-elements-readmore-btn\">Leia mais<\/a><\/div>\n                    <\/div><div class=\"eael-entry-footer\"><div class=\"eael-author-avatar\"><a href=\"https:\/\/activabaires.tur.ar\/pt\/author\/activabaires03\/\"><img alt='activabaires03' src='https:\/\/secure.gravatar.com\/avatar\/d12117a3fd1fb2f0767ff3c9eb9062216b0039bc1a83b29dab0ecc1300fc6dfb?s=96&#038;d=mm&#038;r=g' srcset='https:\/\/secure.gravatar.com\/avatar\/d12117a3fd1fb2f0767ff3c9eb9062216b0039bc1a83b29dab0ecc1300fc6dfb?s=192&#038;d=mm&#038;r=g 2x' class='avatar avatar-96 photo' height='96' width='96' \/><\/a><\/div><div class=\"eael-entry-meta\"><span class=\"eael-posted-by\"><a href=\"https:\/\/activabaires.tur.ar\/pt\/author\/activabaires03\/\" title=\"Posts de activabaires03\" rel=\"author\">activabaires03<\/a><\/span><span class=\"eael-posted-on\"><time datetime=\"abril 15, 2025\">abril 15, 2025<\/time><\/span><\/div><\/div><\/div><\/div>\n        <\/div>\n    <\/article><article class=\"eael-grid-post eael-post-grid-column\" data-id=\"3257\">\n        <div class=\"eael-grid-post-holder\">\n            <div class=\"eael-grid-post-holder-inner\"><div class=\"eael-entry-media\"><div class=\"eael-entry-overlay fade-in\"><i class=\"fas fa-long-arrow-alt-right\" aria-hidden=\"true\"><\/i><a href=\"https:\/\/activabaires.tur.ar\/pt\/explore-a-casa-rosada-historia-e-cultura\/\"rel=\"nofollow\"><\/a><\/div><div class=\"eael-entry-thumbnail\">\n                <img loading=\"lazy\" decoding=\"async\" width=\"800\" height=\"450\" src=\"https:\/\/activabaires.tur.ar\/wp-content\/uploads\/2025\/04\/casa-rosada-historia.webp\" class=\"attachment-full size-full wp-image-3258\" alt=\"\" srcset=\"https:\/\/activabaires.tur.ar\/wp-content\/uploads\/2025\/04\/casa-rosada-historia.webp 800w, https:\/\/activabaires.tur.ar\/wp-content\/uploads\/2025\/04\/casa-rosada-historia-300x169.webp 300w, https:\/\/activabaires.tur.ar\/wp-content\/uploads\/2025\/04\/casa-rosada-historia-768x432.webp 768w, https:\/\/activabaires.tur.ar\/wp-content\/uploads\/2025\/04\/casa-rosada-historia-18x10.webp 18w\" sizes=\"(max-width: 800px) 100vw, 800px\" \/>\n            <\/div>\n        <\/div><div class=\"eael-entry-wrapper\"><header class=\"eael-entry-header\"><h3 class=\"eael-entry-title\"><a class=\"eael-grid-post-link\" href=\"https:\/\/activabaires.tur.ar\/pt\/explore-a-casa-rosada-historia-e-cultura\/\" title=\"Explore a Casa Rosada: Hist\u00f3ria e Cultura\"rel=\"nofollow\">Explore a Casa Rosada: Hist\u00f3ria e Cultura<\/a><\/h3><\/header><div class=\"eael-entry-content\">\n                        <div class=\"eael-grid-post-excerpt\"><p>Buenos Aires \u00e9 uma cidade cheia de marcos hist\u00f3ricos, e...<\/p><a href=\"https:\/\/activabaires.tur.ar\/pt\/explore-a-casa-rosada-historia-e-cultura\/\" class=\"eael-post-elements-readmore-btn\">Leia mais<\/a><\/div>\n                    <\/div><div class=\"eael-entry-footer\"><div class=\"eael-author-avatar\"><a href=\"https:\/\/activabaires.tur.ar\/pt\/author\/activabaires03\/\"><img alt='activabaires03' src='https:\/\/secure.gravatar.com\/avatar\/d12117a3fd1fb2f0767ff3c9eb9062216b0039bc1a83b29dab0ecc1300fc6dfb?s=96&#038;d=mm&#038;r=g' srcset='https:\/\/secure.gravatar.com\/avatar\/d12117a3fd1fb2f0767ff3c9eb9062216b0039bc1a83b29dab0ecc1300fc6dfb?s=192&#038;d=mm&#038;r=g 2x' class='avatar avatar-96 photo' height='96' width='96' \/><\/a><\/div><div class=\"eael-entry-meta\"><span class=\"eael-posted-by\"><a href=\"https:\/\/activabaires.tur.ar\/pt\/author\/activabaires03\/\" title=\"Posts de activabaires03\" rel=\"author\">activabaires03<\/a><\/span><span class=\"eael-posted-on\"><time datetime=\"abril 10, 2025\">abril 10, 2025<\/time><\/span><\/div><\/div><\/div><\/div>\n        <\/div>\n    <\/article><\/div>\n            <div class=\"clearfix\"><\/div>\n        <\/div>            <div class=\"eael-load-more-button-wrap eael-infinity-scroll\" data-offset=\"-200\">\n                <button class=\"eael-load-more-button\" id=\"eael-load-more-btn-3a5225a\" data-widget-id=\"3a5225a\" data-widget=\"3a5225a\" data-page-id=\"2682\" data-template=\"{&quot;dir&quot;:&quot;lite&quot;,&quot;file_name&quot;:&quot;one.php&quot;,&quot;name&quot;:&quot;Post-Grid&quot;}\" data-class=\"Essential_Addons_Elementor\\Elements\\Post_Grid\" data-layout=\"grid\" data-page=\"1\" data-args=\"orderby=date&amp;order=desc&amp;ignore_sticky_posts=1&amp;post_status=publish&amp;posts_per_page=6&amp;offset=0&amp;post_type=post\" data-max-page=\"4\">\n                    <span class=\"eael-btn-loader button__loader\"><\/span>\n                    <span class=\"eael_load_more_text\">Ver mais<\/span>\n                <\/button>\n            <\/div>\n            \t\t\t\t<\/div>\n\t\t\t\t<\/div>\n\t\t\t\t\t<\/div>\n\t\t<\/div>\n\t\t\t\t\t<\/div>\n\t\t<\/section>\n\t\t\t\t<\/div>","protected":false},"excerpt":{"rendered":"<p>Blog Buenos Aires para Brasileiros: 5 Lugares Incr\u00edveis que Voc\u00ea Precisa Conhecer Buenos Aires \u00e9 um destino repleto de hist\u00f3ria, cultura e&#8230; Leer m\u00e1s septiembre 26, 2024 Primeiros Passos em Buenos Aires: dicas essenciais para brasileiros que querem explorar a capital Argentina Viajar para Buenos Aires pela primeira vez pode ser emocionante&#8230; Leer m\u00e1s septiembre [&hellip;]<\/p>","protected":false},"author":1,"featured_media":0,"parent":0,"menu_order":0,"comment_status":"open","ping_status":"closed","template":"elementor_header_footer","meta":{"_eb_attr":"","_uag_custom_page_level_css":"","site-sidebar-layout":"no-sidebar","site-content-layout":"page-builder","ast-site-content-layout":"full-width-container","site-content-style":"default","site-sidebar-style":"default","ast-global-header-display":"","ast-banner-title-visibility":"","ast-main-header-display":"","ast-hfb-above-header-display":"","ast-hfb-below-header-display":"","ast-hfb-mobile-header-display":"","site-post-title":"disabled","ast-breadcrumbs-content":"","ast-featured-img":"disabled","footer-sml-layout":"","theme-transparent-header-meta":"","adv-header-id-meta":"","stick-header-meta":"","header-above-stick-meta":"","header-main-stick-meta":"","header-below-stick-meta":"","astra-migrate-meta-layouts":"set","ast-page-background-enabled":"default","ast-page-background-meta":{"desktop":{"background-color":"","background-image":"","background-repeat":"repeat","background-position":"center center","background-size":"auto","background-attachment":"scroll","background-type":"","background-media":"","overlay-type":"","overlay-color":"","overlay-opacity":"","overlay-gradient":""},"tablet":{"background-color":"","background-image":"","background-repeat":"repeat","background-position":"center center","background-size":"auto","background-attachment":"scroll","background-type":"","background-media":"","overlay-type":"","overlay-color":"","overlay-opacity":"","overlay-gradient":""},"mobile":{"background-color":"","background-image":"","background-repeat":"repeat","background-position":"center center","background-size":"auto","background-attachment":"scroll","background-type":"","background-media":"","overlay-type":"","overlay-color":"","overlay-opacity":"","overlay-gradient":""}},"ast-content-background-meta":{"desktop":{"background-color":"var(--ast-global-color-5)","background-image":"","background-repeat":"repeat","background-position":"center center","background-size":"auto","background-attachment":"scroll","background-type":"","background-media":"","overlay-type":"","overlay-color":"","overlay-opacity":"","overlay-gradient":""},"tablet":{"background-color":"var(--ast-global-color-5)","background-image":"","background-repeat":"repeat","background-position":"center center","background-size":"auto","background-attachment":"scroll","background-type":"","background-media":"","overlay-type":"","overlay-color":"","overlay-opacity":"","overlay-gradient":""},"mobile":{"background-color":"var(--ast-global-color-5)","background-image":"","background-repeat":"repeat","background-position":"center center","background-size":"auto","background-attachment":"scroll","background-type":"","background-media":"","overlay-type":"","overlay-color":"","overlay-opacity":"","overlay-gradient":""}},"footnotes":""},"class_list":["post-2682","page","type-page","status-publish","hentry"],"uagb_featured_image_src":{"full":false,"thumbnail":false,"medium":false,"medium_large":false,"large":false,"1536x1536":false,"2048x2048":false,"trp-custom-language-flag":false},"uagb_author_info":{"display_name":"activabaires03","author_link":"https:\/\/activabaires.tur.ar\/pt\/author\/activabaires03\/"},"uagb_comment_info":0,"uagb_excerpt":"Blog Buenos Aires para Brasileiros: 5 Lugares Incr\u00edveis que Voc\u00ea Precisa Conhecer Buenos Aires \u00e9 um destino repleto de hist\u00f3ria, cultura e&#8230; Leer m\u00e1s septiembre 26, 2024 Primeiros Passos em Buenos Aires: dicas essenciais para brasileiros que querem explorar a capital Argentina Viajar para Buenos Aires pela primeira vez pode ser emocionante&#8230; Leer m\u00e1s septiembre&hellip;","_links":{"self":[{"href":"https:\/\/activabaires.tur.ar\/pt\/wp-json\/wp\/v2\/pages\/2682","targetHints":{"allow":["GET"]}}],"collection":[{"href":"https:\/\/activabaires.tur.ar\/pt\/wp-json\/wp\/v2\/pages"}],"about":[{"href":"https:\/\/activabaires.tur.ar\/pt\/wp-json\/wp\/v2\/types\/page"}],"author":[{"embeddable":true,"href":"https:\/\/activabaires.tur.ar\/pt\/wp-json\/wp\/v2\/users\/1"}],"replies":[{"embeddable":true,"href":"https:\/\/activabaires.tur.ar\/pt\/wp-json\/wp\/v2\/comments?post=2682"}],"version-history":[{"count":13,"href":"https:\/\/activabaires.tur.ar\/pt\/wp-json\/wp\/v2\/pages\/2682\/revisions"}],"predecessor-version":[{"id":2750,"href":"https:\/\/activabaires.tur.ar\/pt\/wp-json\/wp\/v2\/pages\/2682\/revisions\/2750"}],"wp:attachment":[{"href":"https:\/\/activabaires.tur.ar\/pt\/wp-json\/wp\/v2\/media?parent=2682"}],"curies":[{"name":"wp","href":"https:\/\/api.w.org\/{rel}","templated":true}]}}